{"id":30366,"date":"2019-09-22T21:35:09","date_gmt":"2019-09-22T21:35:09","guid":{"rendered":"https:\/\/garancs.net\/wi\/cv\/"},"modified":"2019-09-22T21:35:09","modified_gmt":"2019-09-22T21:35:09","slug":"cv","status":"publish","type":"page","link":"https:\/\/garancs.net\/lv\/cv\/","title":{"rendered":"CV"},"content":{"rendered":"<p><strong>M\u0101kslinieks un p\u0113tnieks interakt\u012bvu multimediju instal\u0101ciju un performan\u010du, virtu\u0101l\u0101s realit\u0101tes, interneta un kult\u016bras t\u012bklu projektu, video, datorgrafikas, anim\u0101cijas un glezniec\u012bbas jom\u0101.<\/strong><\/p>\n<h3>C.V.<\/h3>\n<h3>Dal\u012bba starptautiskos m\u0101kslas un kult\u016bras pas\u0101kumos (atlase)<\/h3>\n<p>2024 \u2022 Sonic Saturday &#8211; Ars Electronica Festival \/ Linz, Austria \u2022 Re-Connect Art 2024: 4th international performance and multimedia festival \/ Prague, Czechia \u2022 ISEA 2024 &#8220;Everywhen&#8221; &#8211; 29th International Symposium on Electronic Art \/ Brisbane, Australia 2023 \u2022 RIXC Art Science Festival 2023: CRYPTO, ART AND CLIMATE \/ Riga, Latvia \u2022 ISEA 2023 &#8220;Symbiosis&#8221; &#8211; 28th International Symposium on Electronic Art \/ Paris, France 2022 \u2022 Expanded Animation 2022: Synaesthetic Syntax &#8211; Ars Electronica Festival \/ Linz, Austria \u2022 ISEA 2022 &#8220;Possibles&#8221; &#8211; 27th International Symposium on Electronic Art \/ Barcelona, Spain 2021 \u2022 Open Fields 2021: PostSENSORIUM The 6th Open Fields conference<br \/>\n\u2022 ENN6 Conference: \u2018Gaslight\u2019 Narratives In Virtual Landscapes: Narratological Implications Of Technologically Mediated And Immersive Media 2020 \u2022 Everything Flows Arts Festival (virtual residency and festival )<br \/>\n\u2022 ISEA2020 &#8220;Why sentience?&#8221;- The 26th International Symposium on Electronic Art, Montreal, Canada<br \/>\n\u2022 EVA-LONDON 2020 &#8211; The 30th international Electronic Visualisation &amp; the Arts conference, London, U.K. 2017 \u2022 Open Fields \/ RIXC art and science festival, Latvian Museum of Art and Latvian Art Academy, Riga 2016 \u2022 Open Fields \/ RIXC art and science festival, Latvian National Library, Riga 2012-2013: \u2022 The 5th International Conference on the Histories of Media Art, Science and Technology, Riga \u2022 Travelling exhibition &#8220;United States of Europe&#8221; \/ The Lab<br \/>\n(Lodz, Helsinki, Vilnius, Guimaraes, Nicosia, Dresden, Sofia, Paris, Cork, Brussels)<br \/>\n2011:<br \/>\n\u2022 &#8220;Staro Riga 2011&#8221; Light Festival, Riga<br \/>\n\u2022 ISEA 2011. Istanbul, Turkey 2010: \u2022 Festival \u2018New Media Meeting: 2010\u2019, Visualisation Center, Norrkoping, Sweden \u2022 Festival \u2018CAMP Pixelache\u2019, Kerava Art Museum, Finland 2009: \u2022 Exhibition &amp; seminar &amp; \u2018Interactive Futures\u201909: Stereo\u2019, Vancouver, Canada \u2022 International city arts festival, Cesis, Latvia 2008:<br \/>\n\u2022 \u2018Spectropia\u2019, Festival \u2018Art+Communication \u2018, \u2018Riga Artspace\u2019 gallery<br \/>\n2007:<br \/>\n\u2022 \u2018Waves\u2019, Festival \u2018Art+Communication\u2018, RIXC, Riga<br \/>\n\u2022 \u2018StereoVision\u2019, USF Contemporary Art Museum, Florida, U.S.A.<\/p>\n<p>2006: \u2022 \u2018Spectography\u2018- Centre Georges Pompidou, Paris \u2022 Festival \u2018Bandits Mages\u2019, Bourges, France \u2022 Festival TECHNE\u201906, Istanbul, Turkey 2005: \u2022 Festival &#8220;\u00c9tonnante Lettonie&#8221; \u2013 Point Eph\u00e9m\u00e8re\/Paris, Labomedia\/Orleans; La Filature\/Mulhouse; Contemporary Art Museum\/Strasbourg \u2022 \u2018Break the ICE\u2019 show \u2013 City Theatre, Reykjavik, Iceland \u2022 Interactive Multimedia Culture Expo (IMCEXPO), Chelsea Art Museum, New York \u2022 \u2018Bodies in Play\u2019 &#8211; Banff New Media Institute Summit, Banff, Canada \u2022 Festival \u2018Transmediale 05\u2019, Haus der Kulturen der Welt, Berlin 2004: \u2022 ISEA2004, International Symposium for Electronic Arts, Kiasma Museum, Helsinki (Finland) \u2022 Pixxelpoint 2004, International digital Art Festival, Nova Gorica, Slovenia 2002: \u2022 Vison &#8211; Image and Perception, Mucsarnok Kunsthalle, Budapest, Hungary \u2022 Ars Electronica Festival 2002: Unplugged \/ CAMPUS (KHM student selection), Linz, Austria \u2022 6th International Browserday, De Balie, Amsterdam \u2022 Infotopia\/The Infogolem, V2_Organisation, Rotterdam 2001: \u2022 5th International Browserday \u2013 competition finals &#8211; Volksbuehne, Berlin \u2022 Interstanding 5, media art festival Tallinn, Estonia 2000: \u2022 EXPO 2000 World Exhibition Hanover &#8211; Ars Baltica, German pavilion \u2022 ArtGenda &#8216;2000, Helsinki 1999: \u2022 Baltic Sea Media Space \/ TEMP, Kiasma Museum, Helsinki 1998: \u2022 Ars Electronica Festival \/ Infowar (prize-winning project \u2018Xchange\u2019) \u2022 ArtGenda&#8217;98, European young artists\u2019 show, Stockholm 1997: \u2022 Ars Electronica Festival, openX, Internet project \u2018RemoteC\u2019 (\u2018Ars Electronica Center\u2019 commission) Solo-shows: <strong>&#8220;Parallel Landscapes&#8221; <\/strong>Daugavpils University art gallery (2012) Daugavpils, Latvia <strong>&#8220;Studies of Spatial Subversions&#8221; <\/strong>Riga Art Space Gallery (2011) Riga, Latvia <strong>&#8220;The Anisotropic View of Presence&#8221; <\/strong>RIXC Galerija (2009) Riga, Latvia <strong>&#8220;Paysages Parall\u00e8les&#8221; <\/strong>Galerie Ha\u00efdouc (2006) Bourges, France <strong>+\u2248x <\/strong> SAT- Society for Art &amp; Technology (2003) Montreal, Canada <strong>E=+&lt;X<\/strong> Galerie KHM Projektraum (2002) Cologne, Germany <strong>JG.KKH.SE:99<\/strong> Galleri Mejan (1999) Stockholm, Sweden <strong>J.G.\/S.E.<\/strong> Slepenais Eksperiments (1995) Riga, Latvia<\/p>\n<h3>Balvas, nomin\u0101cijas, stipendijas<\/h3>\n<ul>\n<li style=\"list-style-type: none;\">\n<ul>\n<li>Prix Ars Electronica 1998: atzin\u012bbas balva .net kategorij\u0101 (projekts &#8220;Xchange&#8221; kop\u0101 ar Rasu \u0160miti un Raiti \u0160mitu).<\/li>\n<li>Goda raksts: 6. starptautiskais browserday konkurss (2002), projekts &#8220;Cell[ular] Flux&#8221;<\/li>\n<li>2002. un 2003. gada nomin\u0101cijas &#8220;Digital Sparks&#8221; (&#8220;V\u0101cijas lab\u0101kie studentu projekti&#8221;).<\/li>\n<\/ul>\n<\/li>\n<\/ul>\n<p>M\u0100KSLINIEKU REZIDENCES GRANTS <strong>&#8211; <\/strong><strong>Eiropas Festiv\u0101lu fonds jaunajiem m\u0101ksliniekiem &#8211; EFFEA <\/strong>(2023\/2024 rezidence Re-connect Art (CZ)<br \/>\nsadarb\u012bb\u0101 ar IN OUT (PL), Arts Mutants (FR)).<\/p>\n<p><strong><br \/>\n<\/strong>&#8211;<strong>Xarkis, Kipra \/ Everything Flows (2020, virtu\u0101l\u0101\/online rezidence)<\/strong> <strong>&#8211; City Theatre, Reikjav\u012bka, Islande (2005)<\/strong><br \/>\nNordScen m\u0101kslinieka rezidences projekta stipendija <strong>&#8211; V2_Lab, Roterdama (2004) <\/strong><br \/>\nExStream \/ PlayList European Residencies &#8211; P.E.R. (stipendija, 2004) <strong>&#8211; SAT &#8211; Society for Art &amp; Technology, Monre\u0101la (2003) <\/strong><br \/>\nNIFCA (Zieme\u013cvalstu Laikmet\u012bg\u0101s m\u0101kslas instit\u016bts) m\u0101kslinieka rezidences stipendija <strong>&#8211; Spritzenhaus &amp; LEM (Labor f. Elektronische Medien), Hamburga (1999)<\/strong><br \/>\nHamburgas Kult\u016bras ministrijas (Kulturbeh\u00f6rde) stipendija Citas dot\u0101cijas, stipendijas &#8211; Latvijas Kult\u016brkapit\u0101la fonds &#8211; stipendijas &amp; stipendijas (2000, 2001, 2002, 2003, 2004, 2005, 2006, 2010, 2013, 2017, 2020) &#8211; Nordic Culture Point \/ KKnord (Mobilit\u0101tes programma) mobilit\u0101tes projektu stipendijas (2010, 2011, 2012 un 2013) &#8211; Sleipnir, Zieme\u013cvalstu Ministru padome (ce\u013cojumu stipendijas 2004, 2005) &#8211; Latvijas Kult\u016bras ministrija, &#8220;Jauno mediju m\u0101kslinieka stipendija&#8221; 12 m\u0113ne\u0161iem 2004\/2005 &#8211; APEXchanges &#8211; Eiropas Kult\u016bras fonds (ce\u013cojuma stipendija, 1999) &#8211; C. Erika Levina fonds (Stokholma) (stipendijas 1996., 1997., 1999. gad\u0101) &#8211; Jaun\u0101s akad\u0113mijas fonds (R\u012bga) (stipendija, 1998. gad\u0101) &#8211; Sorosa Laikmet\u012bg\u0101s m\u0101kslas centrs (R\u012bga) (ce\u013cojuma stipendija, 1998. gad\u0101) &#8211; V. Smita fonds (Stokholma) (stipendija, 1997. gad\u0101) &#8211; Rotari klubs (Stokholma) (stipendija, 1995. gad\u0101) &#8211; Zviedrijas instit\u016bts (stipendija, 1995. gad\u0101) &#8211; Valdmana Fonds (Stokholma) (stipendija, 1995. gad\u0101) &#8211; Latvijas Akad\u0113misk\u0101 organiz\u0101cija Zviedrij\u0101 (stipendija, 1995. gad\u0101) Atlas\u012btie katalogi, publik\u0101cijas.<\/p>\n<ul>\n<li>&#8220;BIOS projekts &#8220;N\u0101kotnes kino. Kinematogr\u0101fiskais imagin\u0101rs p\u0113c kino&#8221; 2002\/2003<br \/>\n&#8211; red. Jeffrey Shaw un Peter Weibel | ZKM, Karlsr\u016be &amp; The MIT Press, Cambridge <\/li>\n<li>&#8220;Stereov\u012bzija&#8221; &#8211; izst\u0101des katalogs, 2007 &#8211; Laikmet\u012bg\u0101s m\u0101kslas muzejs, USF<br \/>\nDienvidfloridas Universit\u0101te.<\/li>\n<li>&#8220;IMC EXPO 2005&#8221; izst\u0101des katalogs, Studio IMC, \u0145ujorka<\/li>\n<li>Projekts &#8220;Xchange Network&#8221;. CyberArts 98, Ars Electronica centrs, Linca <\/li>\n<li>Projekts &#8220;Remote C&#8221;. CyberArts 97, Ars Electronica centrs, Linca <\/li>\n<li>ISEA2004 izst\u0101des katalogs<\/li>\n<\/ul>\n<h3>Izgl\u012bt\u012bba<\/h3>\n<p><strong>Mediju m\u0101kslas akad\u0113mija (KHM), \u0136elne, V\u0101cija<\/strong> (ma\u0123istra diploms) <strong>M\u0101kslas akad\u0113mija (HfbK), Hamburga, V\u0101cija<\/strong> (viesstudijas) <strong>Karalisk\u0101 t\u0113lot\u0101jm\u0101kslas universit\u0101te (KKH), Stokholma, Zviedrija<\/strong> (viesstudijas) <strong>Latvijas M\u0101kslas akad\u0113mija, R\u012bga<\/strong> (BA diploms):<\/p>\n","protected":false},"excerpt":{"rendered":"<p>M\u0101kslinieks un p\u0113tnieks interakt\u012bvu multimediju instal\u0101ciju un performan\u010du, virtu\u0101l\u0101s realit\u0101tes, interneta un kult\u016bras t\u012bklu projektu, video, datorgrafikas, anim\u0101cijas un glezniec\u012bbas jom\u0101. C.V. Dal\u012bba starptautiskos m\u0101kslas un kult\u016bras pas\u0101kumos (atlase) 2024 \u2022 Sonic Saturday &#8211; Ars Electronica Festival \/ Linz, Austria \u2022 Re-Connect Art 2024: 4th international performance and multimedia festival \/ Prague, Czechia \u2022 ISEA 2024 &#8220;Everywhen&#8221; &#8211; 29th International Symposium on Electronic Art \/ Brisbane, Australia 2023 \u2022 RIXC Art Science Festival 2023: CRYPTO, [&hellip;]<\/p>\n","protected":false},"author":1,"featured_media":30291,"parent":0,"menu_order":0,"comment_status":"closed","ping_status":"closed","template":"elementor_theme","meta":{"inspiro_page_layout":"narrow","inspiro_hide_title":false,"footnotes":""},"class_list":["post-30366","page","type-page","status-publish","has-post-thumbnail","hentry"],"_links":{"self":[{"href":"https:\/\/garancs.net\/lv\/wp-json\/wp\/v2\/pages\/30366","targetHints":{"allow":["GET"]}}],"collection":[{"href":"https:\/\/garancs.net\/lv\/wp-json\/wp\/v2\/pages"}],"about":[{"href":"https:\/\/garancs.net\/lv\/wp-json\/wp\/v2\/types\/page"}],"author":[{"embeddable":true,"href":"https:\/\/garancs.net\/lv\/wp-json\/wp\/v2\/users\/1"}],"replies":[{"embeddable":true,"href":"https:\/\/garancs.net\/lv\/wp-json\/wp\/v2\/comments?post=30366"}],"version-history":[{"count":0,"href":"https:\/\/garancs.net\/lv\/wp-json\/wp\/v2\/pages\/30366\/revisions"}],"wp:featuredmedia":[{"embeddable":true,"href":"https:\/\/garancs.net\/lv\/wp-json\/wp\/v2\/media\/30291"}],"wp:attachment":[{"href":"https:\/\/garancs.net\/lv\/wp-json\/wp\/v2\/media?parent=30366"}],"curies":[{"name":"wp","href":"https:\/\/api.w.org\/{rel}","templated":true}]}}