{"id":28819,"date":"2014-11-07T23:23:11","date_gmt":"2014-11-07T21:23:11","guid":{"rendered":"https:\/\/garancs.net\/wi\/par-mani\/"},"modified":"2026-04-01T20:37:10","modified_gmt":"2026-04-01T20:37:10","slug":"par-mani","status":"publish","type":"page","link":"https:\/\/garancs.net\/lv\/par-mani\/","title":{"rendered":"Par mani"},"content":{"rendered":"<p>Esmu m\u0101kslinieks un imers\u012bvo multimediju p\u0113tnieks<\/p>\n<p>P\u0113c klasisk\u0101s izgl\u012bt\u012bbas R\u012bg\u0101 (LMA glezniec\u012bbas noda\u013c\u0101), turpm\u0101k stud\u0113ju elektronisko un digit\u0101lo multimediju m\u0101kslu Stokholm\u0101 un \u0136eln\u0113. Kop\u0161 1996 gada str\u0101d\u0101ju g.k. ar\u00a0 interakt\u012bv\u0101m instal\u0101cij\u0101m, performanc\u0113m, Virtu\u0101lo Realit\u0101ti \u2013 veidojot interakt\u012bvus darbus izst\u0101d\u0113s, festiv\u0101los. Papildus rado\u0161ajai (m\u0101kslinieciskajai) darb\u012bbai interes\u0113 ar\u012b starpdisciplin\u0101ru platformu veido\u0161ana sadarb\u012bbai kult\u016bras, zin\u0101tnes, izgl\u012bt\u012bbu un jauno tehnolo\u0123iju lauk\u0101 (piem. l\u012bdzdibinot E-LAB \/ 1996 un RIXC \/ 2000 R\u012bg\u0101).<\/p>\n<p>Esmu daudzk\u0101rt\u012bgi uzst\u0101jies ar priek\u0161las\u012bjumiem un prezent\u0101cij\u0101m starptautiskos mediju m\u0101kslas un kult\u016bras pas\u0101kumos.<\/p>\n<p>\u0160in\u012b lap\u0101 j\u016bs varat ieg\u016bt pamatinform\u0101ciju latviski, ta\u010du pagaid\u0101m visvair\u0101k inform\u0101cijas ir ang\u013cu versij\u0101.<\/p>\n\n\n<p><\/p>\n","protected":false},"excerpt":{"rendered":"<p>Esmu m\u0101kslinieks un imers\u012bvo multimediju p\u0113tnieks P\u0113c klasisk\u0101s izgl\u012bt\u012bbas R\u012bg\u0101 (LMA glezniec\u012bbas noda\u013c\u0101), turpm\u0101k stud\u0113ju elektronisko un digit\u0101lo multimediju m\u0101kslu Stokholm\u0101 un \u0136eln\u0113. Kop\u0161 1996 gada str\u0101d\u0101ju g.k. ar\u00a0 interakt\u012bv\u0101m instal\u0101cij\u0101m, performanc\u0113m, Virtu\u0101lo Realit\u0101ti \u2013 veidojot interakt\u012bvus darbus izst\u0101d\u0113s, festiv\u0101los. Papildus rado\u0161ajai (m\u0101kslinieciskajai) darb\u012bbai interes\u0113 ar\u012b starpdisciplin\u0101ru platformu veido\u0161ana sadarb\u012bbai kult\u016bras, zin\u0101tnes, izgl\u012bt\u012bbu un jauno tehnolo\u0123iju lauk\u0101 (piem. l\u012bdzdibinot E-LAB \/ 1996 un RIXC \/ 2000 R\u012bg\u0101). Esmu daudzk\u0101rt\u012bgi uzst\u0101jies ar priek\u0161las\u012bjumiem un prezent\u0101cij\u0101m starptautiskos [&hellip;]<\/p>\n","protected":false},"author":1,"featured_media":29131,"parent":0,"menu_order":0,"comment_status":"closed","ping_status":"closed","template":"","meta":{"inspiro_page_layout":"narrow","inspiro_hide_title":false,"footnotes":""},"class_list":["post-28819","page","type-page","status-publish","has-post-thumbnail","hentry"],"_links":{"self":[{"href":"https:\/\/garancs.net\/lv\/wp-json\/wp\/v2\/pages\/28819","targetHints":{"allow":["GET"]}}],"collection":[{"href":"https:\/\/garancs.net\/lv\/wp-json\/wp\/v2\/pages"}],"about":[{"href":"https:\/\/garancs.net\/lv\/wp-json\/wp\/v2\/types\/page"}],"author":[{"embeddable":true,"href":"https:\/\/garancs.net\/lv\/wp-json\/wp\/v2\/users\/1"}],"replies":[{"embeddable":true,"href":"https:\/\/garancs.net\/lv\/wp-json\/wp\/v2\/comments?post=28819"}],"version-history":[{"count":1,"href":"https:\/\/garancs.net\/lv\/wp-json\/wp\/v2\/pages\/28819\/revisions"}],"predecessor-version":[{"id":30827,"href":"https:\/\/garancs.net\/lv\/wp-json\/wp\/v2\/pages\/28819\/revisions\/30827"}],"wp:featuredmedia":[{"embeddable":true,"href":"https:\/\/garancs.net\/lv\/wp-json\/"}],"wp:attachment":[{"href":"https:\/\/garancs.net\/lv\/wp-json\/wp\/v2\/media?parent=28819"}],"curies":[{"name":"wp","href":"https:\/\/api.w.org\/{rel}","templated":true}]}}