{"id":28817,"date":"2014-11-07T23:22:00","date_gmt":"2014-11-07T21:22:00","guid":{"rendered":"https:\/\/garancs.net\/wi\/sazina\/"},"modified":"2014-11-07T23:22:00","modified_gmt":"2014-11-07T21:22:00","slug":"sazina","status":"publish","type":"page","link":"https:\/\/garancs.net\/en\/sazina\/","title":{"rendered":"Sazi\u0146a"},"content":{"rendered":"<p>[row wrap_method=&#8221;fullwidth&#8221;]<\/p>\n<p>[col]<\/p>\n<p>[\/col]<\/p>\n<p>[\/row]<\/p>\n<p>[row wrap_method=&#8221;inner&#8221;]<\/p>\n<p>[col size_md=&#8221;4&#8243;]<\/p>\n<p>[heading element=&#8221;h4&#8243; style=&#8221;bordered&#8221; remove_margins=&#8221;top&#8221;]Kontaktadrese[\/heading]<\/p>\n<p>[text_widget]<\/p>\n<p>RIXC<\/p>\n<p>Len\u010du iela 2<\/p>\n<p>LV-1010 R\u012bga<\/p>\n<p>tel: 29670422<\/p>\n<p>[\/text_widget]<\/p>\n<p>[\/col]<\/p>\n<p>[col size_md=&#8221;8&#8243; type=&#8221;md&#8221; push=&#8221;4&#8243;]<\/p>\n<p>[heading element=&#8221;h4&#8243; style=&#8221;bordered&#8221; remove_margins=&#8221;top&#8221;]Nos\u016bt\u012bt zi\u0146u[\/heading]<\/p>\n<p>[text_widget]<\/p>\n<p>Nos\u016bt\u012bt zi\u0146u<\/p>\n<p>[\/text_widget]<\/p>\n<p>[contact-form-7 title=&#8221;Contact Form&#8221; id=&#8221;4008&#8243;][\/contact-form-7]<\/p>\n<p>[separator size=&#8221;30&#8243;][\/separator]<\/p>\n<p>[\/col]<\/p>\n<p>[\/row]<\/p>\n","protected":false},"excerpt":{"rendered":"<p>[row wrap_method=&#8221;fullwidth&#8221;] [col] [\/col] [\/row] [row wrap_method=&#8221;inner&#8221;] [col size_md=&#8221;4&#8243;] [heading element=&#8221;h4&#8243; style=&#8221;bordered&#8221; remove_margins=&#8221;top&#8221;]Kontaktadrese[\/heading] [text_widget] RIXC Len\u010du iela 2 LV-1010 R\u012bga tel: 29670422 [\/text_widget] [\/col] [col size_md=&#8221;8&#8243; type=&#8221;md&#8221; push=&#8221;4&#8243;] [heading element=&#8221;h4&#8243; style=&#8221;bordered&#8221; remove_margins=&#8221;top&#8221;]Nos\u016bt\u012bt zi\u0146u[\/heading] [text_widget] Nos\u016bt\u012bt zi\u0146u [\/text_widget] [contact-form-7 title=&#8221;Contact Form&#8221; id=&#8221;4008&#8243;][\/contact-form-7] [separator size=&#8221;30&#8243;][\/separator] [\/col] [\/row]<\/p>\n","protected":false},"author":1,"featured_media":0,"parent":0,"menu_order":0,"comment_status":"closed","ping_status":"closed","template":"","meta":{"inspiro_page_layout":"narrow","inspiro_hide_title":false,"footnotes":""},"class_list":["post-28817","page","type-page","status-publish","hentry"],"_links":{"self":[{"href":"https:\/\/garancs.net\/en\/wp-json\/wp\/v2\/pages\/28817","targetHints":{"allow":["GET"]}}],"collection":[{"href":"https:\/\/garancs.net\/en\/wp-json\/wp\/v2\/pages"}],"about":[{"href":"https:\/\/garancs.net\/en\/wp-json\/wp\/v2\/types\/page"}],"author":[{"embeddable":true,"href":"https:\/\/garancs.net\/en\/wp-json\/wp\/v2\/users\/1"}],"replies":[{"embeddable":true,"href":"https:\/\/garancs.net\/en\/wp-json\/wp\/v2\/comments?post=28817"}],"version-history":[{"count":0,"href":"https:\/\/garancs.net\/en\/wp-json\/wp\/v2\/pages\/28817\/revisions"}],"wp:attachment":[{"href":"https:\/\/garancs.net\/en\/wp-json\/wp\/v2\/media?parent=28817"}],"curies":[{"name":"wp","href":"https:\/\/api.w.org\/{rel}","templated":true}]}}